{"id":13,"date":"2021-04-01T15:57:08","date_gmt":"2021-04-01T18:57:08","guid":{"rendered":"https:\/\/international.printup.com.ar\/?post_type=product&#038;p=13"},"modified":"2022-03-15T13:12:21","modified_gmt":"2022-03-15T16:12:21","slug":"mate-algarrobo-modelo-bocon","status":"publish","type":"product","link":"https:\/\/international.printup.com.ar\/index.php\/product\/mate-algarrobo-modelo-bocon\/","title":{"rendered":"Mate Algarrobo Modelo Boc\u00f3n &#8211; PERSONALIZADO L\u00c1SER"},"content":{"rendered":"<p><strong>Mates de Algarrobo Personalizados con L\u00e1ser. MODELO BOC\u00d3N<\/strong><br \/>\nPuede enviar la gr\u00e1fica o texto a imprimir en el mate.<br \/>\nHacemos un dise\u00f1o simple sobre esos datos y los grabamos sobre el mate con l\u00e1ser.<br \/>\nEl grabado resultante es permanente, ya que el laser quema la madera.<\/p>\n<p><strong>Caracter\u00edsticas:\u00a0<\/strong><br \/>\n\u2013 Grabado l\u00e1ser en un \u00e1rea aproximada de 4x4cm. (Un solo lado)<br \/>\n\u2013 Medidas aproximadas. del mate 9-10 cm de altura por 8-9 cm de di\u00e1metro.<br \/>\n\u2013 Madera de algarrobo pulida de primera calidad y terminaci\u00f3n.<br \/>\n\u2013 Se entregan con envoltorio de celof\u00e1n individual.<br \/>\n\u2013 Se acepta pago con los medios disponibles detallados en el carro de compras.<\/p>\n<p>EL PRECIO PUBLICADO CORRESPONDE A 1 UNIDAD GRABADA CON LASER.<br \/>\nCONSULTE OTROS MODELOS DISPONIBLES.<\/p>\n<p><strong>Importante:<\/strong><br \/>\n\u2013 La entrega al transporte aproximada es de 4\/7 D\u00cdAS H\u00c1BILES como m\u00ednimo a partir que se acredite el pago y se apruebe el dise\u00f1o a imprimir.<br \/>\n\u2013 NO incluye bombillas.<br \/>\n\u2013 En el caso de ser impresos con logos o gr\u00e1ficas personales, el cliente toma la responsabilidad de la calidad de los mismos para ser impresos.<br \/>\n\u2013 La madera de algarrobo que se utiliza es un producto NATURAL, es decir sus tama\u00f1os podr\u00edan ser diferentes unos de otros, algunas imperfecciones como manchado de origen vegetal, impurezas y peque\u00f1a porosidad o nudos.<br \/>\n\u2013 Se entrega el producto con pagos de env\u00edo a cargo del cliente.<br \/>\n\u2013 Las entregas pueden tener cargos aduaneros o impuestos en el lugar de destino a cargo del cliente.<\/p>\n","protected":false},"excerpt":{"rendered":"<p><strong>Mates de Algarrobo Personalizados con L\u00e1ser. MODELO BOC\u00d3N<\/strong><br \/>\nPuede enviar la gr\u00e1fica o texto a imprimir en el mate.<br \/>\nHacemos un dise\u00f1o simple sobre esos datos y los grabamos sobre el mate con l\u00e1ser.<br \/>\nEl grabado resultante es permanente, ya que el laser quema la madera.<\/p>\n<p><strong>Caracter\u00edsticas:\u00a0<\/strong><br \/>\n\u2013 Grabado l\u00e1ser en un \u00e1rea aproximada de 4x4cm. (Un solo lado)<br \/>\n\u2013 Medidas aproximadas. del mate 9-10 cm de altura por 8-9 cm de di\u00e1metro.<br \/>\n\u2013 Madera de algarrobo pulida de primera calidad y terminaci\u00f3n.<br \/>\n\u2013 Se entregan con envoltorio de celof\u00e1n individual.<br \/>\n\u2013 Se acepta pago con los medios disponibles detallados en el carro de compras.<\/p>\n<p class=\"continue-reading-button\"> <a class=\"continue-reading-link\" href=\"https:\/\/international.printup.com.ar\/index.php\/product\/mate-algarrobo-modelo-bocon\/\">Continue reading<i class=\"crycon-right-dir\"><\/i><\/a><\/p>\n","protected":false},"featured_media":75,"template":"","meta":[],"product_brand":[],"product_cat":[15],"product_tag":[],"class_list":{"0":"post-13","1":"product","2":"type-product","3":"status-publish","4":"has-post-thumbnail","6":"product_cat-mates","8":"first","9":"instock","10":"shipping-taxable","11":"purchasable","12":"product-type-simple"},"supplier_id":null,"supplier_sku":"","barcode":null,"atum_controlled":true,"out_stock_date":null,"out_stock_threshold":null,"inheritable":false,"inbound_stock":null,"stock_on_hold":0,"sold_today":0,"sales_last_days":0,"reserved_stock":null,"customer_returns":null,"warehouse_damage":null,"lost_in_post":null,"other_logs":null,"out_stock_days":0,"lost_sales":0,"has_location":false,"update_date":"2026-04-21T14:20:57","atum_locations":[],"atum_stock_status":"instock","restock_status":false,"low_stock_amount":"","sales_update_date":"2026-04-21T14:20:57","calc_backorders":0,"_links":{"self":[{"href":"https:\/\/international.printup.com.ar\/index.php\/wp-json\/wp\/v2\/product\/13","targetHints":{"allow":["GET"]}}],"collection":[{"href":"https:\/\/international.printup.com.ar\/index.php\/wp-json\/wp\/v2\/product"}],"about":[{"href":"https:\/\/international.printup.com.ar\/index.php\/wp-json\/wp\/v2\/types\/product"}],"wp:featuredmedia":[{"embeddable":true,"href":"https:\/\/international.printup.com.ar\/index.php\/wp-json\/wp\/v2\/media\/75"}],"wp:attachment":[{"href":"https:\/\/international.printup.com.ar\/index.php\/wp-json\/wp\/v2\/media?parent=13"}],"wp:term":[{"taxonomy":"product_brand","embeddable":true,"href":"https:\/\/international.printup.com.ar\/index.php\/wp-json\/wp\/v2\/product_brand?post=13"},{"taxonomy":"product_cat","embeddable":true,"href":"https:\/\/international.printup.com.ar\/index.php\/wp-json\/wp\/v2\/product_cat?post=13"},{"taxonomy":"product_tag","embeddable":true,"href":"https:\/\/international.printup.com.ar\/index.php\/wp-json\/wp\/v2\/product_tag?post=13"}],"curies":[{"name":"wp","href":"https:\/\/api.w.org\/{rel}","templated":true}]}}