{"id":118,"date":"2022-05-13T18:39:05","date_gmt":"2022-05-13T21:39:05","guid":{"rendered":"https:\/\/international.printup.com.ar\/?post_type=product&#038;p=118"},"modified":"2024-07-04T16:45:54","modified_gmt":"2024-07-04T19:45:54","slug":"mate-de-acero-inoxidable-termico-curvo-negro-personalizado-laser-venta-x-unidad-blanco","status":"publish","type":"product","link":"https:\/\/international.printup.com.ar\/index.php\/product\/mate-de-acero-inoxidable-termico-curvo-negro-personalizado-laser-venta-x-unidad-blanco\/","title":{"rendered":"Mate de Acero Inoxidable T\u00e9rmico Curvo Blanco Personalizado L\u00e1ser (venta x Unidad)"},"content":{"rendered":"<p>Mate de Acero Inoxidable T\u00e9rmico Personalizado.<br \/>\n<strong>MODELO: CURVO BLANCO<\/strong><br \/>\n\u2013 Grabado l\u00e1ser en un \u00e1rea aproximada de 4x4cm. (Un solo lado)<br \/>\n\u2013 Medidas aprox. del mate 9-10 cm de altura por 8 cm de di\u00e1metro.<br \/>\n\u2013 Doble capa de acero.<br \/>\n\u2013 Interior aislante que no transmite el calor.<br \/>\n\u2013 Exterior con capa micro texturada que mejora su agarre.<br \/>\n\u2013 F\u00e1cil de lavar.<br \/>\n\u2013 Se acepta Mercado Pago y otros medios disponibles.<\/p>\n<p>EL PRECIO PUBLICADO CORRESPONDE A UNA UNIDAD GRABADA CON LASER CON MOTIVO PERSONALIZADO.<\/p>\n<p>IMPORTANTE:<br \/>\n\u2013 La entrega aproximada es de 10\/12 D\u00cdAS H\u00c1BILES como m\u00ednimo a partir que se acredite el pago y se apruebe el dise\u00f1o a imprimir.<br \/>\n\u2013 NO incluye bombillas.<br \/>\n\u2013 En el caso de ser impresos con logos, el cliente toma la responsabilidad de la calidad de los mismos para ser impresos.<br \/>\n\u2013 Se entrega el producto a todo el pa\u00eds con gastos de env\u00edo y embalaje a cargo del comprador.<br \/>\n\u2013 Entregas directas en local comercial en Rosario SF. sin cargo.<br \/>\n\u2013 Realice todas la consultas necesarias, como stock, cantidades, etc. previas a la compra.<\/p>\n","protected":false},"excerpt":{"rendered":"<p>Mate de Acero Inoxidable T\u00e9rmico Personalizado.<br \/>\n<strong>MODELO: CURVO BLANCO<\/strong><br \/>\n\u2013 Grabado l\u00e1ser en un \u00e1rea aproximada de 4x4cm. (Un solo lado)<br \/>\n\u2013 Medidas aprox. del mate 9-10 cm de altura por 8 cm de di\u00e1metro.<br \/>\n\u2013 Doble capa de acero.<br \/>\n\u2013 Interior aislante que no transmite el calor.<br \/>\n\u2013 Exterior con capa micro texturada que mejora su agarre.<br \/>\n\u2013 F\u00e1cil de lavar.<br \/>\n\u2013 Se acepta Mercado Pago y otros medios disponibles.<\/p>\n<p>EL PRECIO PUBLICADO CORRESPONDE A UNA UNIDAD GRABADA CON LASER CON MOTIVO PERSONALIZADO.<\/p>\n<p class=\"continue-reading-button\"> <a class=\"continue-reading-link\" href=\"https:\/\/international.printup.com.ar\/index.php\/product\/mate-de-acero-inoxidable-termico-curvo-negro-personalizado-laser-venta-x-unidad-blanco\/\">Continue reading<i class=\"crycon-right-dir\"><\/i><\/a><\/p>\n","protected":false},"featured_media":119,"template":"","meta":[],"product_brand":[],"product_cat":[15],"product_tag":[],"class_list":{"0":"post-118","1":"product","2":"type-product","3":"status-publish","4":"has-post-thumbnail","6":"product_cat-mates","7":"product_shipping_class-aerea","9":"first","10":"instock","11":"shipping-taxable","12":"purchasable","13":"product-type-simple"},"supplier_id":null,"supplier_sku":"","barcode":null,"atum_controlled":true,"out_stock_date":null,"out_stock_threshold":null,"inheritable":false,"inbound_stock":null,"stock_on_hold":0,"sold_today":0,"sales_last_days":0,"reserved_stock":null,"customer_returns":null,"warehouse_damage":null,"lost_in_post":null,"other_logs":null,"out_stock_days":0,"lost_sales":0,"has_location":false,"update_date":"2026-04-18T12:46:11","atum_locations":[],"atum_stock_status":"instock","restock_status":false,"low_stock_amount":"","sales_update_date":"2026-04-18T12:46:11","calc_backorders":0,"_links":{"self":[{"href":"https:\/\/international.printup.com.ar\/index.php\/wp-json\/wp\/v2\/product\/118","targetHints":{"allow":["GET"]}}],"collection":[{"href":"https:\/\/international.printup.com.ar\/index.php\/wp-json\/wp\/v2\/product"}],"about":[{"href":"https:\/\/international.printup.com.ar\/index.php\/wp-json\/wp\/v2\/types\/product"}],"wp:featuredmedia":[{"embeddable":true,"href":"https:\/\/international.printup.com.ar\/index.php\/wp-json\/wp\/v2\/media\/119"}],"wp:attachment":[{"href":"https:\/\/international.printup.com.ar\/index.php\/wp-json\/wp\/v2\/media?parent=118"}],"wp:term":[{"taxonomy":"product_brand","embeddable":true,"href":"https:\/\/international.printup.com.ar\/index.php\/wp-json\/wp\/v2\/product_brand?post=118"},{"taxonomy":"product_cat","embeddable":true,"href":"https:\/\/international.printup.com.ar\/index.php\/wp-json\/wp\/v2\/product_cat?post=118"},{"taxonomy":"product_tag","embeddable":true,"href":"https:\/\/international.printup.com.ar\/index.php\/wp-json\/wp\/v2\/product_tag?post=118"}],"curies":[{"name":"wp","href":"https:\/\/api.w.org\/{rel}","templated":true}]}}