{"id":109,"date":"2022-03-19T10:59:29","date_gmt":"2022-03-19T13:59:29","guid":{"rendered":"https:\/\/international.printup.com.ar\/?post_type=product&#038;p=109"},"modified":"2024-07-04T16:46:55","modified_gmt":"2024-07-04T19:46:55","slug":"tablas-picadas-pino-bordes-curvos-32x24-lisas","status":"publish","type":"product","link":"https:\/\/international.printup.com.ar\/index.php\/product\/tablas-picadas-pino-bordes-curvos-32x24-lisas\/","title":{"rendered":"Tablas Picadas Pino Bordes Curvos 32\u00d724 &#8211; LISA"},"content":{"rendered":"<p><strong>Tabla Para Picadas de Pino Bordes Curvos &#8211; LISA<br \/>\n<\/strong><strong>MODELO: TPBR3224SG<br \/>\n<\/strong>\u2013 Medidas aprox. Largo Total: 32 cm Ancho: 24 cm Espesor: 1,8 o 1,5 cm (seg\u00fan disp.).<br \/>\n\u2013 Madera de pino lijada , buena terminaci\u00f3n y bordes semi r\u00fasticos.<br \/>\n\u2013 Peso aproximad 500 gr. por unidad.<br \/>\n\u2013 Se acepta el pago con los medios disponibles.<\/p>\n<p>EL PRECIO PUBLICADO CORRESPONDE A 1 UNIDAD.<\/p>\n<p><strong>Importante:<\/strong><br \/>\n\u2013 La entrega al transporte aproximada es de 4\/7 D\u00cdAS H\u00c1BILES como m\u00ednimo a partir que se acredite el pago.<br \/>\n\u2013 La madera de pino que se utiliza es un producto NATURAL, es decir sus tama\u00f1os podr\u00edan variar levemente unos de otros, poseer algunas imperfecciones como manchado de origen vegetal, impurezas y peque\u00f1a porosidad o nudos.<br \/>\n\u2013 Se entrega el producto con pagos de env\u00edo a cargo del cliente.<br \/>\n\u2013 Las entregas pueden tener cargos aduaneros o impuestos en el lugar de destino a cargo del cliente.<\/p>\n","protected":false},"excerpt":{"rendered":"<p><strong>Tabla Para Picadas de Pino Bordes Curvos &#8211; LISA<br \/>\n<\/strong><strong>MODELO: TPBR3224SG<br \/>\n<\/strong>\u2013 Medidas aprox. Largo Total: 32 cm Ancho: 24 cm Espesor: 1,8 o 1,5 cm (seg\u00fan disp.).<br \/>\n\u2013 Madera de pino lijada , buena terminaci\u00f3n y bordes semi r\u00fasticos.<br \/>\n\u2013 Peso aproximad 500 gr. por unidad.<br \/>\n\u2013 Se acepta el pago con los medios disponibles.<\/p>\n<p>EL PRECIO PUBLICADO CORRESPONDE A 1 UNIDAD.<\/p>\n<p>&nbsp;<\/p>\n<p class=\"continue-reading-button\"> <a class=\"continue-reading-link\" href=\"https:\/\/international.printup.com.ar\/index.php\/product\/tablas-picadas-pino-bordes-curvos-32x24-lisas\/\">Continue reading<i class=\"crycon-right-dir\"><\/i><\/a><\/p>\n","protected":false},"featured_media":110,"template":"","meta":[],"product_brand":[],"product_cat":[20],"product_tag":[],"class_list":{"0":"post-109","1":"product","2":"type-product","3":"status-publish","4":"has-post-thumbnail","6":"product_cat-tablas-de-pino","8":"first","9":"instock","10":"shipping-taxable","11":"purchasable","12":"product-type-simple"},"supplier_id":null,"supplier_sku":"","barcode":null,"atum_controlled":true,"out_stock_date":null,"out_stock_threshold":null,"inheritable":false,"inbound_stock":null,"stock_on_hold":0,"sold_today":0,"sales_last_days":0,"reserved_stock":null,"customer_returns":null,"warehouse_damage":null,"lost_in_post":null,"other_logs":null,"out_stock_days":0,"lost_sales":0,"has_location":false,"update_date":"2026-04-21T14:20:58","atum_locations":[],"atum_stock_status":"instock","restock_status":false,"low_stock_amount":2,"sales_update_date":"2026-04-21T14:20:58","calc_backorders":0,"_links":{"self":[{"href":"https:\/\/international.printup.com.ar\/index.php\/wp-json\/wp\/v2\/product\/109","targetHints":{"allow":["GET"]}}],"collection":[{"href":"https:\/\/international.printup.com.ar\/index.php\/wp-json\/wp\/v2\/product"}],"about":[{"href":"https:\/\/international.printup.com.ar\/index.php\/wp-json\/wp\/v2\/types\/product"}],"wp:featuredmedia":[{"embeddable":true,"href":"https:\/\/international.printup.com.ar\/index.php\/wp-json\/wp\/v2\/media\/110"}],"wp:attachment":[{"href":"https:\/\/international.printup.com.ar\/index.php\/wp-json\/wp\/v2\/media?parent=109"}],"wp:term":[{"taxonomy":"product_brand","embeddable":true,"href":"https:\/\/international.printup.com.ar\/index.php\/wp-json\/wp\/v2\/product_brand?post=109"},{"taxonomy":"product_cat","embeddable":true,"href":"https:\/\/international.printup.com.ar\/index.php\/wp-json\/wp\/v2\/product_cat?post=109"},{"taxonomy":"product_tag","embeddable":true,"href":"https:\/\/international.printup.com.ar\/index.php\/wp-json\/wp\/v2\/product_tag?post=109"}],"curies":[{"name":"wp","href":"https:\/\/api.w.org\/{rel}","templated":true}]}}