{"id":103,"date":"2022-03-16T11:25:16","date_gmt":"2022-03-16T14:25:16","guid":{"rendered":"https:\/\/international.printup.com.ar\/?post_type=product&#038;p=103"},"modified":"2024-07-04T16:45:33","modified_gmt":"2024-07-04T19:45:33","slug":"tablas-picadas-pino-con-manija-39x22-personalizada","status":"publish","type":"product","link":"https:\/\/international.printup.com.ar\/index.php\/product\/tablas-picadas-pino-con-manija-39x22-personalizada\/","title":{"rendered":"Tablas Picadas Pino Con Manija 39\u00d722 &#8211; PERSONALIZADA LASER"},"content":{"rendered":"<p><strong>Tabla Para Picadas de Pino con Manija &#8211; PERSONALIZADA LASER<\/strong><br \/>\n<strong>MODELO: TPMJ3922G<br \/>\n<\/strong>\u2013 Grabado l\u00e1ser en un \u00e1rea aproximada de 5x5cm. (Un solo lado).<br \/>\n&#8211; EL grabado puede ser un logo, gr\u00e1ficas personales, textos, dedicatorias, que ingresen en las medidas m\u00e1ximas de grabado.<br \/>\n\u2013 Medidas aprox. Largo Total: 39 cm Ancho: 22 cm Espesor: 1,8 o 1,5 cm (seg\u00fan disp.).<br \/>\n\u2013 Madera de pino lijada , buena terminaci\u00f3n y bordes semi r\u00fasticos.<br \/>\n\u2013 Peso aproximad 500 gr. por unidad.<br \/>\n\u2013 Se acepta el pago con los medios disponibles.<\/p>\n<p>EL PRECIO PUBLICADO CORRESPONDE A 1 UNIDAD GRABADA CON L\u00c1SER.<\/p>\n<p><strong>Importante:<\/strong><br \/>\n\u2013 La entrega al transporte aproximada es de 4\/7 D\u00cdAS H\u00c1BILES como m\u00ednimo a partir que se acredite el pago.<br \/>\n\u2013 La madera de pino que se utiliza es un producto NATURAL, es decir sus tama\u00f1os podr\u00edan variar levemente unos de otros, poseer algunas imperfecciones como manchado de origen vegetal, impurezas y peque\u00f1a porosidad o nudos.<br \/>\n\u2013 Se entrega el producto con pagos de env\u00edo a cargo del cliente.<br \/>\n\u2013 Las entregas pueden tener cargos aduaneros o impuestos en el lugar de destino a cargo del cliente.<\/p>\n","protected":false},"excerpt":{"rendered":"<p><strong>Tabla Para Picadas de Pino con Manija &#8211; PERSONALIZADA LASER<\/strong><br \/>\n<strong>MODELO: TPMJ3922G<\/strong><br \/>\n\u2013 Grabado l\u00e1ser en un \u00e1rea aproximada de 5x5cm. (Un solo lado)<br \/>\n&#8211; EL grabado puede ser un logo, gr\u00e1ficas personales, textos, dedicatorias, que ingresen en las medidas m\u00e1ximas de grabado.<br \/>\n\u2013 Medidas aprox. Largo Total: 39 cm Ancho: 22 cm Espesor: 1,8 o 1,5 cm (seg\u00fan disp.).<br \/>\n\u2013 Madera de pino lijada , buena terminaci\u00f3n y bordes semi r\u00fasticos.<br \/>\n\u2013 Peso aproximad 500 gr. por unidad.<br \/>\n\u2013 Se acepta el pago con los medios disponibles.<\/p>\n<p>EL PRECIO PUBLICADO CORRESPONDE A 1 UNIDAD.<\/p>\n<p>&nbsp;<\/p>\n<p class=\"continue-reading-button\"> <a class=\"continue-reading-link\" href=\"https:\/\/international.printup.com.ar\/index.php\/product\/tablas-picadas-pino-con-manija-39x22-personalizada\/\">Continue reading<i class=\"crycon-right-dir\"><\/i><\/a><\/p>\n","protected":false},"featured_media":104,"template":"","meta":[],"product_brand":[],"product_cat":[20],"product_tag":[],"class_list":{"0":"post-103","1":"product","2":"type-product","3":"status-publish","4":"has-post-thumbnail","6":"product_cat-tablas-de-pino","8":"first","9":"instock","10":"shipping-taxable","11":"purchasable","12":"product-type-simple"},"supplier_id":null,"supplier_sku":"","barcode":null,"atum_controlled":true,"out_stock_date":null,"out_stock_threshold":null,"inheritable":false,"inbound_stock":null,"stock_on_hold":0,"sold_today":0,"sales_last_days":0,"reserved_stock":null,"customer_returns":null,"warehouse_damage":null,"lost_in_post":null,"other_logs":null,"out_stock_days":0,"lost_sales":0,"has_location":false,"update_date":"2026-04-21T14:20:58","atum_locations":[],"atum_stock_status":"instock","restock_status":false,"low_stock_amount":2,"sales_update_date":"2026-04-21T14:20:58","calc_backorders":0,"_links":{"self":[{"href":"https:\/\/international.printup.com.ar\/index.php\/wp-json\/wp\/v2\/product\/103","targetHints":{"allow":["GET"]}}],"collection":[{"href":"https:\/\/international.printup.com.ar\/index.php\/wp-json\/wp\/v2\/product"}],"about":[{"href":"https:\/\/international.printup.com.ar\/index.php\/wp-json\/wp\/v2\/types\/product"}],"wp:featuredmedia":[{"embeddable":true,"href":"https:\/\/international.printup.com.ar\/index.php\/wp-json\/wp\/v2\/media\/104"}],"wp:attachment":[{"href":"https:\/\/international.printup.com.ar\/index.php\/wp-json\/wp\/v2\/media?parent=103"}],"wp:term":[{"taxonomy":"product_brand","embeddable":true,"href":"https:\/\/international.printup.com.ar\/index.php\/wp-json\/wp\/v2\/product_brand?post=103"},{"taxonomy":"product_cat","embeddable":true,"href":"https:\/\/international.printup.com.ar\/index.php\/wp-json\/wp\/v2\/product_cat?post=103"},{"taxonomy":"product_tag","embeddable":true,"href":"https:\/\/international.printup.com.ar\/index.php\/wp-json\/wp\/v2\/product_tag?post=103"}],"curies":[{"name":"wp","href":"https:\/\/api.w.org\/{rel}","templated":true}]}}